{"id":3596,"date":"2020-05-06T14:12:15","date_gmt":"2020-05-06T14:12:15","guid":{"rendered":"https:\/\/door-al.hr\/index.php\/elegant\/"},"modified":"2023-03-12T18:39:35","modified_gmt":"2023-03-12T18:39:35","slug":"elegant","status":"publish","type":"page","link":"https:\/\/door-al.hr\/de\/index.php\/elegant\/","title":{"rendered":"Elegant"},"content":{"rendered":"<div id=\"pl-3596\"  class=\"panel-layout\" ><div id=\"pg-3596-0\"  class=\"panel-grid panel-has-style\" ><div class=\"siteorigin-panels-stretch panel-row-style panel-row-style-for-3596-0\" id=\"about\" data-stretch-type=\"full-stretched\" data-overlay=\"120,172,45\" data-opacity=\"0.8\" ><div id=\"pgc-3596-0-0\"  class=\"panel-grid-cell panel-grid-cell-empty\" ><\/div><div id=\"pgc-3596-0-1\"  class=\"panel-grid-cell panel-grid-cell-mobile-last\" ><div id=\"panel-3596-0-1-0\" class=\"so-panel widget widget_quota quota panel-first-child panel-last-child\" data-index=\"0\" ><div class=\"panel-widget-style panel-widget-style-for-3596-0-1-0\" ><div class=\"textwidget\"><div class=\"title-container text-center\" style=\"color:#ffffff\">\n\t\t\t\t\t<div class=\"title-wrap\">\n\t\t\t\t\t\t<h3 class=\"title\" style=\"color:#ffffff\">FENSTER- UND T\u00dcRPROFILSYSTEM \u201eELEGANT\u201c<\/h3>\n\t\t\t\t\t\t<span class=\"separator dot-separator\">,,<\/span>\n\t\t\t\t\t<\/div>\n\t\t\t\t\t<div class=\"simple-quote\"> \n\t\t\t\t\t\t<p class=\"quote-text\">Wir haben ein Profil entwickelt, das 82 Jahre Erfahrung in der Kunststoff-Verarbeitung mit modernem Design kombiniert. Das Profil \u201eElegant\u201c basiert auf den Bed\u00fcrfnissen und W\u00fcnschen unserer Kunden und er\u00f6ffnet f\u00fcr Architekten und Fensterhersteller neue M\u00f6glichkeiten.<\/p>\n\t\t\t\t\t\t<span class=\"secondary-text\"> \u2014 <\/span>\n\t\t\t\t\t<\/div>\t\n\t\t\t\t<\/div>\n\n<\/div><\/div><\/div><\/div><div id=\"pgc-3596-0-2\"  class=\"panel-grid-cell panel-grid-cell-empty\" ><\/div><\/div><\/div><div id=\"pg-3596-1\"  class=\"panel-grid panel-no-style\" ><div id=\"pgc-3596-1-0\"  class=\"panel-grid-cell\" ><div id=\"panel-3596-1-0-0\" class=\"so-panel widget widget_sow-editor panel-first-child panel-last-child\" data-index=\"1\" ><div\n\t\t\t\n\t\t\tclass=\"so-widget-sow-editor so-widget-sow-editor-base\"\n\t\t\t\n\t\t>\n<div class=\"siteorigin-widget-tinymce textwidget\">\n\t<h3><span style=\"font-weight: 400;\">Preisgekr\u00f6ntes Kunststoff-Profildesign<\/span><\/h3>\n<p><span style=\"font-weight: 400;\">Minimalismus, schmale gerade Linien und Eleganz. Ein Design, nach dem Sie in anderen Kunststoff-Profilen vergeblich suchen w\u00fcrden. Lernen Sie die Profile kennen, die eine Alternative zu Aluminiumprofilen bieten und gleichzeitig die Eigenschaften von Kunststoff beibehalten.<\/span><\/p>\n<\/div>\n<\/div><\/div><\/div><div id=\"pgc-3596-1-1\"  class=\"panel-grid-cell\" ><div id=\"panel-3596-1-1-0\" class=\"so-panel widget widget_sow-image panel-first-child panel-last-child\" data-index=\"2\" ><div class=\"panel-widget-style panel-widget-style-for-3596-1-1-0\" ><div\n\t\t\t\n\t\t\tclass=\"so-widget-sow-image so-widget-sow-image-default-c67d20f9f743-3596\"\n\t\t\t\n\t\t>\n<div class=\"sow-image-container\">\n\t\t<img \n\tsrc=\"https:\/\/door-al.hr\/wp-content\/uploads\/2020\/05\/Asset-1.png\" width=\"776\" height=\"121\" srcset=\"https:\/\/door-al.hr\/wp-content\/uploads\/2020\/05\/Asset-1.png 776w, https:\/\/door-al.hr\/wp-content\/uploads\/2020\/05\/Asset-1-300x47.png 300w, https:\/\/door-al.hr\/wp-content\/uploads\/2020\/05\/Asset-1-768x120.png 768w\" sizes=\"(max-width: 776px) 100vw, 776px\" title=\"Asset 1\" alt=\"\" \t\tclass=\"so-widget-image\"\/>\n\t<\/div>\n\n<\/div><\/div><\/div><\/div><\/div><div id=\"pg-3596-2\"  class=\"panel-grid panel-has-style\" ><div class=\"siteorigin-panels-stretch panel-row-style panel-row-style-for-3596-2\" data-stretch-type=\"full\" ><div id=\"pgc-3596-2-0\"  class=\"panel-grid-cell\" ><div id=\"panel-3596-2-0-0\" class=\"so-panel widget widget_siteorigin-panels-builder panel-first-child panel-last-child\" data-index=\"3\" ><div id=\"pl-w640e1c2187cd3\"  class=\"panel-layout\" ><div id=\"pg-w640e1c2187cd3-0\"  class=\"panel-grid panel-has-style\" ><div class=\"panel-row-style panel-row-style-for-w640e1c2187cd3-0\" ><div id=\"pgc-w640e1c2187cd3-0-0\"  class=\"panel-grid-cell\" ><div id=\"panel-w640e1c2187cd3-0-0-0\" class=\"so-panel widget widget_sow-image panel-first-child\" data-index=\"0\" ><div class=\"panel-widget-style panel-widget-style-for-w640e1c2187cd3-0-0-0\" ><div\n\t\t\t\n\t\t\tclass=\"so-widget-sow-image so-widget-sow-image-default-e4c2d9f6c920\"\n\t\t\t\n\t\t>\n<div class=\"sow-image-container\">\n\t\t<img \n\tsrc=\"https:\/\/door-al.hr\/wp-content\/uploads\/2020\/05\/2359597c592f7880c6c1-1024x686.png\" width=\"900\" height=\"603\" srcset=\"https:\/\/door-al.hr\/wp-content\/uploads\/2020\/05\/2359597c592f7880c6c1-1024x686.png 1024w, https:\/\/door-al.hr\/wp-content\/uploads\/2020\/05\/2359597c592f7880c6c1-300x201.png 300w, https:\/\/door-al.hr\/wp-content\/uploads\/2020\/05\/2359597c592f7880c6c1-768x515.png 768w, https:\/\/door-al.hr\/wp-content\/uploads\/2020\/05\/2359597c592f7880c6c1-272x182.png 272w, https:\/\/door-al.hr\/wp-content\/uploads\/2020\/05\/2359597c592f7880c6c1.png 1279w\" sizes=\"(max-width: 900px) 100vw, 900px\" alt=\"\" \t\tclass=\"so-widget-image\"\/>\n\t<\/div>\n\n<\/div><\/div><\/div><div id=\"panel-w640e1c2187cd3-0-0-1\" class=\"so-panel widget widget_black-studio-tinymce widget_black_studio_tinymce\" data-index=\"1\" ><div class=\"panel-widget-style panel-widget-style-for-w640e1c2187cd3-0-0-1\" ><div class=\"textwidget\"><div class=\"_2cuy _3dgx _2vxa\">\n<h3><span style=\"font-weight: 400;\">Elegantes Design f\u00fcr moderne Geb\u00e4ude<\/span><\/h3>\n<p><span style=\"font-weight: 400;\">Das fl\u00e4chenb\u00fcndige und sehr filigrane Kunststoff-Profil mit minimalistischen Linien und modernem Aussehen wird Sie begeistern. Das Profil kann mit allen modernen Aluminiumfassaden kombiniert werden.<\/span><\/p>\n<p><div class=\"wt-list wt-list-style-\"><\/p>\n<ul>\n<li><i class=\"fa fa-arrow-circle-right\" style=\"color:#78ac2d\"><\/i> <span style=\"font-weight: 400;\">Minimalistisches Design<\/span><\/li>\n<li><i class=\"fa fa-arrow-circle-right\" style=\"color:#78ac2d\"><\/i> <span style=\"font-weight: 400;\">Hervorragende Aluminiumqualit\u00e4t unter Beibehaltung der Eigenschaften von Kunststoff<\/span><\/li>\n<li><i class=\"fa fa-arrow-circle-right\" style=\"color:#78ac2d\"><\/i> <span style=\"font-weight: 400;\">Filigranes Kunststoff-Profil<\/span><\/li>\n<\/ul>\n<p><\/div><\/p><\/div>\n<\/div><\/div><\/div><div id=\"panel-w640e1c2187cd3-0-0-2\" class=\"so-panel widget widget_sow-image\" data-index=\"2\" ><div class=\"panel-widget-style panel-widget-style-for-w640e1c2187cd3-0-0-2\" ><div\n\t\t\t\n\t\t\tclass=\"so-widget-sow-image so-widget-sow-image-default-e4c2d9f6c920\"\n\t\t\t\n\t\t>\n<div class=\"sow-image-container\">\n\t\t<img \n\tsrc=\"https:\/\/door-al.hr\/wp-content\/uploads\/2020\/06\/elegant1.jpg\" width=\"800\" height=\"536\" srcset=\"https:\/\/door-al.hr\/wp-content\/uploads\/2020\/06\/elegant1.jpg 800w, https:\/\/door-al.hr\/wp-content\/uploads\/2020\/06\/elegant1-300x201.jpg 300w, https:\/\/door-al.hr\/wp-content\/uploads\/2020\/06\/elegant1-768x515.jpg 768w, https:\/\/door-al.hr\/wp-content\/uploads\/2020\/06\/elegant1-272x182.jpg 272w\" sizes=\"(max-width: 800px) 100vw, 800px\" alt=\"\" \t\tclass=\"so-widget-image\"\/>\n\t<\/div>\n\n<\/div><\/div><\/div><div id=\"panel-w640e1c2187cd3-0-0-3\" class=\"so-panel widget widget_black-studio-tinymce widget_black_studio_tinymce panel-last-child\" data-index=\"3\" ><div class=\"panel-widget-style panel-widget-style-for-w640e1c2187cd3-0-0-3\" ><div class=\"textwidget\"><div class=\"_2cuy _3dgx _2vxa\">\n<h3><span style=\"font-weight: 400;\">Geld und Energie sparen und gleichzeitig die Natur sch\u00fctzen<\/span><\/h3>\n<p><span style=\"font-weight: 400;\">Das elegante 6-Kammer-Fensterprofil zeichnet sich nicht nur durch sein Design, sondern auch durch seine Isolationseigenschaften aus.<\/span><\/p>\n<p><span style=\"font-weight: 400;\">Dar\u00fcber hinaus spart das elegante Profil Heizkosten und reduziert die Umweltbelastung. Zudem ist ein vollst\u00e4ndiges recyceln m\u00f6glich. Die Basis besteht aus recyceltem Kunststoff.<\/span><\/p>\n<p><div class=\"wt-list wt-list-style-\"><\/p>\n<ul>\n<li><i class=\"fa fa-arrow-circle-right\" style=\"color:#78ac2d\"><\/i> <span style=\"font-weight: 400;\">Hervorragende Isolationseigenschaften mit Uf bis zu 0,93 W \/ m2K mit Stahlverst\u00e4rkung und Uf bis zu 0,88 W \/ m2K mit ThermoFibro und Forthex (Hobox-Test), wodurch der Standard f\u00fcr Passivh\u00e4user problemlos realisiert werden kann.<\/span><\/li>\n<li><i class=\"fa fa-arrow-circle-right\" style=\"color:#78ac2d\"><\/i> <span style=\"font-weight: 400;\">Das System von nur 76 mm, jedoch mit der Option einer Verglasung von bis zu 70 mm, erm\u00f6glicht die Verwendung von thermisch hocheffizientem Glas<\/span><\/li>\n<li><i class=\"fa fa-arrow-circle-right\" style=\"color:#78ac2d\"><\/i> <span style=\"font-weight: 400;\">\u00d6kologische Profilbasis: EcoPowerCore aus recyceltem Kunststoff<\/span><\/li>\n<\/ul>\n<p><\/div><\/p><\/div>\n<\/div><\/div><\/div><\/div><div id=\"pgc-w640e1c2187cd3-0-1\"  class=\"panel-grid-cell\" ><div id=\"panel-w640e1c2187cd3-0-1-0\" class=\"so-panel widget widget_sow-image panel-first-child\" data-index=\"4\" ><div class=\"panel-widget-style panel-widget-style-for-w640e1c2187cd3-0-1-0\" ><div\n\t\t\t\n\t\t\tclass=\"so-widget-sow-image so-widget-sow-image-default-e4c2d9f6c920\"\n\t\t\t\n\t\t>\n<div class=\"sow-image-container\">\n\t\t<img \n\tsrc=\"https:\/\/door-al.hr\/wp-content\/uploads\/2020\/06\/elegant3.jpg\" width=\"800\" height=\"536\" srcset=\"https:\/\/door-al.hr\/wp-content\/uploads\/2020\/06\/elegant3.jpg 800w, https:\/\/door-al.hr\/wp-content\/uploads\/2020\/06\/elegant3-300x201.jpg 300w, https:\/\/door-al.hr\/wp-content\/uploads\/2020\/06\/elegant3-768x515.jpg 768w, https:\/\/door-al.hr\/wp-content\/uploads\/2020\/06\/elegant3-272x182.jpg 272w\" sizes=\"(max-width: 800px) 100vw, 800px\" alt=\"\" \t\tclass=\"so-widget-image\"\/>\n\t<\/div>\n\n<\/div><\/div><\/div><div id=\"panel-w640e1c2187cd3-0-1-1\" class=\"so-panel widget widget_black-studio-tinymce widget_black_studio_tinymce\" data-index=\"5\" ><div class=\"panel-widget-style panel-widget-style-for-w640e1c2187cd3-0-1-1\" ><div class=\"textwidget\"><div class=\"_2cuy _3dgx _2vxa\">\n<h3><span style=\"font-weight: 400;\">50 Farben und Veredelungsvarianten<\/span><\/h3>\n<p><span style=\"font-weight: 400;\">W\u00e4hlen Sie die perfekte Beschattung f\u00fcr Ihr Geb\u00e4ude. Wir bieten mehr als 50 Farbt\u00f6ne an, darunter eine breite Palette moderner Graut\u00f6ne. Die umgebende graue Profilbasis betont die Aluminiumoptik des Profils.<\/span><\/p>\n<p><div class=\"wt-list wt-list-style-\"><\/p>\n<ul>\n<li><i class=\"fa fa-arrow-circle-right\" style=\"color:#78ac2d\"><\/i> <span style=\"font-weight: 400;\">Graues Basisprofil<\/span><\/li>\n<li><i class=\"fa fa-arrow-circle-right\" style=\"color:#78ac2d\"><\/i> <span style=\"font-weight: 400;\">50 Standardfarben<\/span><\/li>\n<li><i class=\"fa fa-arrow-circle-right\" style=\"color:#78ac2d\"><\/i> <span style=\"font-weight: 400;\">Spezielle trendige Farben, die zum zeitgen\u00f6ssischen Design passen<\/span><\/li>\n<\/ul>\n<p><\/div><\/p><\/div>\n<\/div><\/div><\/div><div id=\"panel-w640e1c2187cd3-0-1-2\" class=\"so-panel widget widget_sow-image\" data-index=\"6\" ><div class=\"panel-widget-style panel-widget-style-for-w640e1c2187cd3-0-1-2\" ><div\n\t\t\t\n\t\t\tclass=\"so-widget-sow-image so-widget-sow-image-default-e4c2d9f6c920\"\n\t\t\t\n\t\t>\n<div class=\"sow-image-container\">\n\t\t<img \n\tsrc=\"https:\/\/door-al.hr\/wp-content\/uploads\/2020\/06\/elegant5.jpg\" width=\"800\" height=\"536\" srcset=\"https:\/\/door-al.hr\/wp-content\/uploads\/2020\/06\/elegant5.jpg 800w, https:\/\/door-al.hr\/wp-content\/uploads\/2020\/06\/elegant5-300x201.jpg 300w, https:\/\/door-al.hr\/wp-content\/uploads\/2020\/06\/elegant5-768x515.jpg 768w, https:\/\/door-al.hr\/wp-content\/uploads\/2020\/06\/elegant5-272x182.jpg 272w\" sizes=\"(max-width: 800px) 100vw, 800px\" alt=\"\" \t\tclass=\"so-widget-image\"\/>\n\t<\/div>\n\n<\/div><\/div><\/div><div id=\"panel-w640e1c2187cd3-0-1-3\" class=\"so-panel widget widget_black-studio-tinymce widget_black_studio_tinymce panel-last-child\" data-index=\"7\" ><div class=\"panel-widget-style panel-widget-style-for-w640e1c2187cd3-0-1-3\" ><div class=\"textwidget\"><div class=\"_2cuy _3dgx _2vxa\">\n<h3><span style=\"font-weight: 400;\">Neue ThermoFibra-Technologie<\/span><\/h3>\n<p><span style=\"font-weight: 400;\">ThermoFibra macht den Fensterfl\u00fcgel aufgrund der eingebauten ununterbrochenen Glasfasern st\u00e4rker. Sie verleihen dem Fenster au\u00dfergew\u00f6hnliche Stabilit\u00e4t und maximale W\u00e4rmed\u00e4mmwerte.<\/span><\/p>\n<p><div class=\"wt-list wt-list-style-\"><\/p>\n<ul>\n<li><i class=\"fa fa-arrow-circle-right\" style=\"color:#78ac2d\"><\/i> <span style=\"font-weight: 400;\">Keine Stahlverst\u00e4rkungen erforderlich<\/span><\/li>\n<li><i class=\"fa fa-arrow-circle-right\" style=\"color:#78ac2d\"><\/i> <span style=\"font-weight: 400;\">Verbesserte W\u00e4rmed\u00e4mmwerte<\/span><\/li>\n<li><i class=\"fa fa-arrow-circle-right\" style=\"color:#78ac2d\"><\/i> <span style=\"font-weight: 400;\">Gr\u00f6\u00dfere Fenster haben im Vergleich zu stahlverst\u00e4rkten Fenstern ein deutlich geringeres Gewicht<\/span><\/li>\n<li><i class=\"fa fa-arrow-circle-right\" style=\"color:#78ac2d\"><\/i> <span style=\"font-weight: 400;\">Verbesserter Einbruchschutz<\/span><\/li>\n<li><i class=\"fa fa-arrow-circle-right\" style=\"color:#78ac2d\"><\/i> Verbessertes Sicherheitsmechanismus<\/li>\n<li><i class=\"fa fa-arrow-circle-right\" style=\"color:#78ac2d\"><\/i> <span style=\"font-weight: 400;\">Das Material kann vollst\u00e4ndig recycelt werden<\/span><span style=\"font-weight: 400;\"><br \/>\n<\/span><\/li>\n<li><i class=\"fa fa-arrow-circle-right\" style=\"color:#78ac2d\"><\/i> <span style=\"font-weight: 400;\">Die Gesamth\u00f6he von Rahmen und Fl\u00fcgel wurde von 112 mm auf 109 mm reduziert<\/span><\/li>\n<\/ul>\n<p><\/div><\/p><\/div>\n<\/div><\/div><\/div><\/div><\/div><\/div><\/div><\/div><\/div><\/div><\/div><div id=\"pg-3596-3\"  class=\"panel-grid panel-has-style\" ><div id=\"contact\" class=\"panel-row-style panel-row-style-for-3596-3\" ><div id=\"pgc-3596-3-0\"  class=\"panel-grid-cell\" ><div id=\"panel-3596-3-0-0\" class=\"so-panel widget widget_quota quota panel-first-child panel-last-child\" data-index=\"4\" ><div class=\"textwidget\"><div class=\"title-container text-center\" style=\"margin-bottom: 30px;\">\n\t\t\t<div class=\"title-wrap\" style=\"color: #262626;\">\t\t\t\t\n\t\t\t\t<h3 class=\"title\" style=\"color: #262626; font-size: 30px\">Kontaktieren Sie uns<\/h3><p class=\"description\" style=\"color: #262626;\">Kontaktieren Sie uns und wir machen Ihnen das beste Angebot.<\/p><span class=\"separator line-separator\"><span class=\"separator-bottom\"><\/span><\/span>\t\t\t\n\t\t\t<\/div><\/div>\n<\/div><\/div><\/div><\/div><\/div><div id=\"pg-3596-4\"  class=\"panel-grid panel-has-style\" ><div class=\"panel-row-style panel-row-style-for-3596-4\" ><div id=\"pgc-3596-4-0\"  class=\"panel-grid-cell\" ><div id=\"panel-3596-4-0-0\" class=\"so-panel widget widget_black-studio-tinymce widget_black_studio_tinymce panel-first-child panel-last-child\" data-index=\"5\" ><div class=\"textwidget\">\n<div class=\"wpcf7 no-js\" id=\"wpcf7-f3656-o1\" lang=\"en-US\" dir=\"ltr\" data-wpcf7-id=\"3656\">\n<div class=\"screen-reader-response\"><p role=\"status\" aria-live=\"polite\" aria-atomic=\"true\"><\/p> <ul><\/ul><\/div>\n<form action=\"\/de\/index.php\/wp-json\/wp\/v2\/pages\/3596#wpcf7-f3656-o1\" method=\"post\" class=\"wpcf7-form init\" aria-label=\"Contact form\" novalidate=\"novalidate\" data-status=\"init\">\n<fieldset class=\"hidden-fields-container\"><input type=\"hidden\" name=\"_wpcf7\" value=\"3656\" \/><input type=\"hidden\" name=\"_wpcf7_version\" value=\"6.1.5\" \/><input type=\"hidden\" name=\"_wpcf7_locale\" value=\"en_US\" \/><input type=\"hidden\" name=\"_wpcf7_unit_tag\" value=\"wpcf7-f3656-o1\" \/><input type=\"hidden\" name=\"_wpcf7_container_post\" value=\"0\" \/><input type=\"hidden\" name=\"_wpcf7_posted_data_hash\" value=\"\" \/>\n<\/fieldset>\n<div class=\"defaultform contact_form row\">\n\t<div class=\"col-md-6\">\n\t\t<p><span class=\"wpcf7-form-control-wrap\" data-name=\"your-name\"><input size=\"40\" maxlength=\"400\" class=\"wpcf7-form-control wpcf7-text wpcf7-validates-as-required form-control\" aria-required=\"true\" aria-invalid=\"false\" placeholder=\"Vorname &amp; Nachname\" value=\"\" type=\"text\" name=\"your-name\" \/><\/span>\n\t\t<\/p>\n\t<\/div>\n\t<div class=\"col-md-6\">\n\t\t<p><span class=\"wpcf7-form-control-wrap\" data-name=\"your-email\"><input size=\"40\" maxlength=\"400\" class=\"wpcf7-form-control wpcf7-email wpcf7-validates-as-required wpcf7-text wpcf7-validates-as-email form-control\" aria-required=\"true\" aria-invalid=\"false\" placeholder=\"E-Mail\" value=\"\" type=\"email\" name=\"your-email\" \/><\/span>\n\t\t<\/p>\n\t<\/div>\n\t<div class=\"col-md-6\">\n\t\t<p><span class=\"wpcf7-form-control-wrap\" data-name=\"your-subject\"><input size=\"40\" maxlength=\"400\" class=\"wpcf7-form-control wpcf7-text form-control\" aria-invalid=\"false\" placeholder=\"Betreff\" value=\"\" type=\"text\" name=\"your-subject\" \/><\/span>\n\t\t<\/p>\n\t<\/div>\n\t<div class=\"col-md-6\">\n\t\t<p><span class=\"wpcf7-form-control-wrap\" data-name=\"your-phone\"><input size=\"40\" maxlength=\"400\" class=\"wpcf7-form-control wpcf7-text form-control\" aria-invalid=\"false\" placeholder=\"Telefonnummer\" value=\"\" type=\"text\" name=\"your-phone\" \/><\/span>\n\t\t<\/p>\n\t<\/div>\n\t<div class=\"col-md-12\">\n\t\t<p><span class=\"wpcf7-form-control-wrap\" data-name=\"your-message\"><textarea cols=\"40\" rows=\"10\" maxlength=\"2000\" class=\"wpcf7-form-control wpcf7-textarea wpcf7-validates-as-required form-control\" aria-required=\"true\" aria-invalid=\"false\" placeholder=\"Nachricht senden\" name=\"your-message\"><\/textarea><\/span><br \/>\n<input class=\"wpcf7-form-control wpcf7-submit has-spinner button\" id=\"form-submit\" type=\"submit\" value=\"Nachricht senden\" \/>\n\t\t<\/p>\n\t<\/div>\n<\/div><div class=\"wpcf7-response-output\" aria-hidden=\"true\"><\/div>\n<\/form>\n<\/div>\n<\/div><\/div><\/div><div id=\"pgc-3596-4-1\"  class=\"panel-grid-cell\" ><div id=\"panel-3596-4-1-0\" class=\"so-panel widget widget_quota quota panel-first-child panel-last-child\" data-index=\"6\" ><div class=\"textwidget\"><div id=\"wpgmza_map\" class=\"wpgmza_map\" data-settings='{\"id\":\"1\",\"map_title\":\"My first map\",\"map_width\":\"100\",\"map_height\":\"370\",\"map_start_lat\":\"45.801037\",\"map_start_lng\":\"16.005061\",\"map_start_location\":\"45.80103735,16.005061172879\",\"map_start_zoom\":\"17\",\"default_marker\":\"0\",\"type\":\"1\",\"alignment\":\"4\",\"directions_enabled\":\"1\",\"styling_enabled\":\"0\",\"styling_json\":\"\",\"active\":\"0\",\"kml\":\"\",\"bicycle\":\"0\",\"traffic\":\"0\",\"dbox\":\"1\",\"dbox_width\":\"100\",\"listmarkers\":\"0\",\"listmarkers_advanced\":\"0\",\"filterbycat\":\"0\",\"ugm_enabled\":\"0\",\"ugm_category_enabled\":\"0\",\"fusion\":\"\",\"map_width_type\":\"\\\\%\",\"map_height_type\":\"px\",\"mass_marker_support\":\"1\",\"ugm_access\":\"0\",\"order_markers_by\":\"1\",\"order_markers_choice\":\"2\",\"show_user_location\":\"0\",\"default_to\":\"\",\"other_settings\":{\"store_locator_enabled\":2,\"store_locator_distance\":2,\"store_locator_default_radius\":10,\"store_locator_not_found_message\":\"No results found in this location. Please try again.\",\"store_locator_bounce\":1,\"store_locator_query_string\":\"ZIP \\\/ Address:\",\"store_locator_default_address\":\"\",\"wpgmza_store_locator_restrict\":\"\",\"wpgmza_store_locator_radius_style\":\"modern\",\"map_max_zoom\":\"1\",\"transport_layer\":0,\"wpgmza_show_points_of_interest\":0,\"wpgmza_auto_night\":0}}' data-map-id='1' Data-maps-engine='open-layers' data-shortcode-attributes='{\"id\":\"1\"}' style=\"display:block; overflow:auto; width:100%; height:370px; float:left;\"><\/div><\/div><\/div><\/div><\/div><\/div><\/div>","protected":false},"excerpt":{"rendered":"<p>Preisgekr\u00f6ntes Kunststoff-Profildesign Minimalismus, schmale gerade Linien und Eleganz. Ein Design, nach dem Sie in anderen Kunststoff-Profilen<a class=\"read-more\" href=\"https:\/\/door-al.hr\/de\/index.php\/elegant\/\">&#8230;<\/a><\/p>\n","protected":false},"author":1,"featured_media":2907,"parent":0,"menu_order":0,"comment_status":"closed","ping_status":"closed","template":"","meta":{"om_disable_all_campaigns":false,"_monsterinsights_skip_tracking":false,"_monsterinsights_sitenote_active":false,"_monsterinsights_sitenote_note":"","_monsterinsights_sitenote_category":0,"footnotes":""},"class_list":["post-3596","page","type-page","status-publish","has-post-thumbnail","hentry"],"aioseo_notices":[],"_links":{"self":[{"href":"https:\/\/door-al.hr\/de\/index.php\/wp-json\/wp\/v2\/pages\/3596","targetHints":{"allow":["GET"]}}],"collection":[{"href":"https:\/\/door-al.hr\/de\/index.php\/wp-json\/wp\/v2\/pages"}],"about":[{"href":"https:\/\/door-al.hr\/de\/index.php\/wp-json\/wp\/v2\/types\/page"}],"author":[{"embeddable":true,"href":"https:\/\/door-al.hr\/de\/index.php\/wp-json\/wp\/v2\/users\/1"}],"replies":[{"embeddable":true,"href":"https:\/\/door-al.hr\/de\/index.php\/wp-json\/wp\/v2\/comments?post=3596"}],"version-history":[{"count":7,"href":"https:\/\/door-al.hr\/de\/index.php\/wp-json\/wp\/v2\/pages\/3596\/revisions"}],"predecessor-version":[{"id":3681,"href":"https:\/\/door-al.hr\/de\/index.php\/wp-json\/wp\/v2\/pages\/3596\/revisions\/3681"}],"wp:featuredmedia":[{"embeddable":true,"href":"https:\/\/door-al.hr\/de\/index.php\/wp-json\/wp\/v2\/media\/2907"}],"wp:attachment":[{"href":"https:\/\/door-al.hr\/de\/index.php\/wp-json\/wp\/v2\/media?parent=3596"}],"curies":[{"name":"wp","href":"https:\/\/api.w.org\/{rel}","templated":true}]}}