{"id":1499,"date":"2020-05-06T14:12:15","date_gmt":"2020-05-06T14:12:15","guid":{"rendered":"https:\/\/stage.door-al.hr\/?page_id=1499"},"modified":"2020-06-23T12:24:37","modified_gmt":"2020-06-23T12:24:37","slug":"elegant","status":"publish","type":"page","link":"https:\/\/door-al.hr\/index.php\/elegant\/","title":{"rendered":"Elegant"},"content":{"rendered":"<div id=\"pl-1499\"  class=\"panel-layout\" ><div id=\"pg-1499-0\"  class=\"panel-grid panel-has-style\" ><div class=\"siteorigin-panels-stretch panel-row-style panel-row-style-for-1499-0\" id=\"about\" data-stretch-type=\"full-stretched\" data-overlay=\"120,172,45\" data-opacity=\"0.8\" ><div id=\"pgc-1499-0-0\"  class=\"panel-grid-cell panel-grid-cell-empty\" ><\/div><div id=\"pgc-1499-0-1\"  class=\"panel-grid-cell panel-grid-cell-mobile-last\" ><div id=\"panel-1499-0-1-0\" class=\"so-panel widget widget_quota quota panel-first-child panel-last-child\" data-index=\"0\" ><div class=\"panel-widget-style panel-widget-style-for-1499-0-1-0\" ><div class=\"textwidget\"><div class=\"title-container text-center\" style=\"color:#ffffff\">\n\t\t\t\t\t<div class=\"title-wrap\">\n\t\t\t\t\t\t<h3 class=\"title\" style=\"color:#ffffff\">Sustav profila za prozore i vrata Elegant<\/h3>\n\t\t\t\t\t\t<span class=\"separator dot-separator\">,,<\/span>\n\t\t\t\t\t<\/div>\n\t\t\t\t\t<div class=\"simple-quote\"> \n\t\t\t\t\t\t<p class=\"quote-text\">Razvili smo profil koji je kombinacija 82 godine iskustva u obradi PVC-a i modernog dizajna. Profili Elegant temelje se na potrebama i \u017eeljama na\u0161ih kupaca te otvaraju nove mogu\u0107nosti za arhitekte i proizvo\u0111a\u010de prozora.<\/p>\n\t\t\t\t\t\t<span class=\"secondary-text\"> \u2014 <\/span>\n\t\t\t\t\t<\/div>\t\n\t\t\t\t<\/div>\n\n<\/div><\/div><\/div><\/div><div id=\"pgc-1499-0-2\"  class=\"panel-grid-cell panel-grid-cell-empty\" ><\/div><\/div><\/div><div id=\"pg-1499-1\"  class=\"panel-grid panel-no-style\" ><div id=\"pgc-1499-1-0\"  class=\"panel-grid-cell\" ><div id=\"panel-1499-1-0-0\" class=\"so-panel widget widget_sow-editor panel-first-child panel-last-child\" data-index=\"1\" ><div\n\t\t\t\n\t\t\tclass=\"so-widget-sow-editor so-widget-sow-editor-base\"\n\t\t\t\n\t\t>\n<div class=\"siteorigin-widget-tinymce textwidget\">\n\t<h3>Nagra\u0111ivani dizajn PVC profila<\/h3>\n<p>Minimalizam, uske, ravne linije i elegancija. Dizajn koji biste uzalud tra\u017eili u drugim PVC profilima. Upoznajte profile koji nude alternativu aluminijskim profilima, a istovremeno zadr\u017eavaju zna\u010dajke PVC-a.<\/p>\n<\/div>\n<\/div><\/div><\/div><div id=\"pgc-1499-1-1\"  class=\"panel-grid-cell\" ><div id=\"panel-1499-1-1-0\" class=\"so-panel widget widget_sow-image panel-first-child panel-last-child\" data-index=\"2\" ><div class=\"panel-widget-style panel-widget-style-for-1499-1-1-0\" ><div\n\t\t\t\n\t\t\tclass=\"so-widget-sow-image so-widget-sow-image-default-c67d20f9f743-1499\"\n\t\t\t\n\t\t>\n<div class=\"sow-image-container\">\n\t\t<img \n\tsrc=\"https:\/\/door-al.hr\/wp-content\/uploads\/2020\/05\/Asset-1.png\" width=\"776\" height=\"121\" srcset=\"https:\/\/door-al.hr\/wp-content\/uploads\/2020\/05\/Asset-1.png 776w, https:\/\/door-al.hr\/wp-content\/uploads\/2020\/05\/Asset-1-300x47.png 300w, https:\/\/door-al.hr\/wp-content\/uploads\/2020\/05\/Asset-1-768x120.png 768w\" sizes=\"(max-width: 776px) 100vw, 776px\" title=\"Asset 1\" alt=\"\" \t\tclass=\"so-widget-image\"\/>\n\t<\/div>\n\n<\/div><\/div><\/div><\/div><\/div><div id=\"pg-1499-2\"  class=\"panel-grid panel-has-style\" ><div class=\"siteorigin-panels-stretch panel-row-style panel-row-style-for-1499-2\" data-stretch-type=\"full\" ><div id=\"pgc-1499-2-0\"  class=\"panel-grid-cell\" ><div id=\"panel-1499-2-0-0\" class=\"so-panel widget widget_siteorigin-panels-builder panel-first-child panel-last-child\" data-index=\"3\" ><div id=\"pl-w5ef1f485e9145\"  class=\"panel-layout\" ><div id=\"pg-w5ef1f485e9145-0\"  class=\"panel-grid panel-has-style\" ><div class=\"panel-row-style panel-row-style-for-w5ef1f485e9145-0\" ><div id=\"pgc-w5ef1f485e9145-0-0\"  class=\"panel-grid-cell\" ><div id=\"panel-w5ef1f485e9145-0-0-0\" class=\"so-panel widget widget_sow-image panel-first-child\" data-index=\"0\" ><div class=\"panel-widget-style panel-widget-style-for-w5ef1f485e9145-0-0-0\" ><div\n\t\t\t\n\t\t\tclass=\"so-widget-sow-image so-widget-sow-image-default-e4c2d9f6c920\"\n\t\t\t\n\t\t>\n<div class=\"sow-image-container\">\n\t\t<img \n\tsrc=\"https:\/\/door-al.hr\/wp-content\/uploads\/2020\/05\/2359597c592f7880c6c1-1024x686.png\" width=\"900\" height=\"603\" srcset=\"https:\/\/door-al.hr\/wp-content\/uploads\/2020\/05\/2359597c592f7880c6c1-1024x686.png 1024w, https:\/\/door-al.hr\/wp-content\/uploads\/2020\/05\/2359597c592f7880c6c1-300x201.png 300w, https:\/\/door-al.hr\/wp-content\/uploads\/2020\/05\/2359597c592f7880c6c1-768x515.png 768w, https:\/\/door-al.hr\/wp-content\/uploads\/2020\/05\/2359597c592f7880c6c1-272x182.png 272w, https:\/\/door-al.hr\/wp-content\/uploads\/2020\/05\/2359597c592f7880c6c1.png 1279w\" sizes=\"(max-width: 900px) 100vw, 900px\" alt=\"\" \t\tclass=\"so-widget-image\"\/>\n\t<\/div>\n\n<\/div><\/div><\/div><div id=\"panel-w5ef1f485e9145-0-0-1\" class=\"so-panel widget widget_black-studio-tinymce widget_black_studio_tinymce\" data-index=\"1\" ><div class=\"panel-widget-style panel-widget-style-for-w5ef1f485e9145-0-0-1\" ><div class=\"textwidget\"><div class=\"_2cuy _3dgx _2vxa\">\n<h3>Elegantan dizajn za moderne zgrade<\/h3>\n<p>Naju\u017ei vanjski rub PVC profila na tr\u017ei\u0161tu odu\u0161evit \u0107e vas\u00a0<strong>minimalisti\u010dkim linijama i\u00a0modernim izgledom<\/strong>. Mo\u017eete ih kombinirati sa svim aluminijskim modernim fasadama.<\/p>\n<p><div class=\"wt-list wt-list-style-\"><\/p>\n<ul>\n<li><i class=\"fa fa-arrow-circle-right\" style=\"color:#78ac2d\"><\/i> Minimalisti\u010dki dizajn<\/li>\n<li><i class=\"fa fa-arrow-circle-right\" style=\"color:#78ac2d\"><\/i> Izvanredan izgled aluminija uz zadr\u017eavanje svojstava PVC-a<\/li>\n<li><i class=\"fa fa-arrow-circle-right\" style=\"color:#78ac2d\"><\/i> Naju\u017ei vanjski rub PVC profila dosad<\/li>\n<\/ul>\n<p><\/div><\/p><\/div>\n<\/div><\/div><\/div><div id=\"panel-w5ef1f485e9145-0-0-2\" class=\"so-panel widget widget_sow-image\" data-index=\"2\" ><div class=\"panel-widget-style panel-widget-style-for-w5ef1f485e9145-0-0-2\" ><div\n\t\t\t\n\t\t\tclass=\"so-widget-sow-image so-widget-sow-image-default-e4c2d9f6c920\"\n\t\t\t\n\t\t>\n<div class=\"sow-image-container\">\n\t\t<img \n\tsrc=\"https:\/\/door-al.hr\/wp-content\/uploads\/2020\/06\/elegant1.jpg\" width=\"800\" height=\"536\" srcset=\"https:\/\/door-al.hr\/wp-content\/uploads\/2020\/06\/elegant1.jpg 800w, https:\/\/door-al.hr\/wp-content\/uploads\/2020\/06\/elegant1-300x201.jpg 300w, https:\/\/door-al.hr\/wp-content\/uploads\/2020\/06\/elegant1-768x515.jpg 768w, https:\/\/door-al.hr\/wp-content\/uploads\/2020\/06\/elegant1-272x182.jpg 272w\" sizes=\"(max-width: 800px) 100vw, 800px\" alt=\"\" \t\tclass=\"so-widget-image\"\/>\n\t<\/div>\n\n<\/div><\/div><\/div><div id=\"panel-w5ef1f485e9145-0-0-3\" class=\"so-panel widget widget_black-studio-tinymce widget_black_studio_tinymce panel-last-child\" data-index=\"3\" ><div class=\"panel-widget-style panel-widget-style-for-w5ef1f485e9145-0-0-3\" ><div class=\"textwidget\"><div class=\"_2cuy _3dgx _2vxa\">\n<h3>U\u0161teda novca i\u00a0energije uz o\u010duvanje prirode<\/h3>\n<p>Prozorski profil Elegant sa 6 komora nije poseban samo po svom dizajnu nego i\u00a0po svojim\u00a0<strong>svojstvima izolacije<\/strong>.<\/p>\n<p>K tomu, profil Elegant\u00a0<strong>\u0161tedi na tro\u0161kovima za grijanje<\/strong> i smanjuje utjecaj na okoli\u0161. Mogu\u0107e ga je u potpunosti reciklirati. Njegova je baza izra\u0111ena od recikliranog PVC-a.<\/p>\n<p><div class=\"wt-list wt-list-style-\"><\/p>\n<ul>\n<li><i class=\"fa fa-arrow-circle-right\" style=\"color:#78ac2d\"><\/i> Odli\u010dna izolacijska svojstva uz U<sub>f<\/sub>\u00a0do 0,93 W\/m<sup>2<\/sup>K s\u00a0\u010deli\u010dnim oja\u010danjem i\u00a0U<sub>f<\/sub>\u00a0do 0,88 W\/m<sup>2<\/sup>K s\u00a0ThermoFibrom i\u00a0Forthexom (Hobox test) kojima se jednostavno realizira standard za pasivne ku\u0107e<\/li>\n<li><i class=\"fa fa-arrow-circle-right\" style=\"color:#78ac2d\"><\/i> Sustav od samo 76 mm, ali s\u00a0opcijom ostakljenja do 70\u00a0mm omogu\u0107uje upotrebu toplinski visoko u\u010dinkovitog stakla<\/li>\n<li><i class=\"fa fa-arrow-circle-right\" style=\"color:#78ac2d\"><\/i> Ekolo\u0161ka baza profila:\u00a0<strong>EcoPowerCore<\/strong>\u00a0izra\u0111ena od recikliranog PVC-a.<\/li>\n<\/ul>\n<p><\/div><\/p><\/div>\n<\/div><\/div><\/div><\/div><div id=\"pgc-w5ef1f485e9145-0-1\"  class=\"panel-grid-cell\" ><div id=\"panel-w5ef1f485e9145-0-1-0\" class=\"so-panel widget widget_sow-image panel-first-child\" data-index=\"4\" ><div class=\"panel-widget-style panel-widget-style-for-w5ef1f485e9145-0-1-0\" ><div\n\t\t\t\n\t\t\tclass=\"so-widget-sow-image so-widget-sow-image-default-e4c2d9f6c920\"\n\t\t\t\n\t\t>\n<div class=\"sow-image-container\">\n\t\t<img \n\tsrc=\"https:\/\/door-al.hr\/wp-content\/uploads\/2020\/06\/elegant3.jpg\" width=\"800\" height=\"536\" srcset=\"https:\/\/door-al.hr\/wp-content\/uploads\/2020\/06\/elegant3.jpg 800w, https:\/\/door-al.hr\/wp-content\/uploads\/2020\/06\/elegant3-300x201.jpg 300w, https:\/\/door-al.hr\/wp-content\/uploads\/2020\/06\/elegant3-768x515.jpg 768w, https:\/\/door-al.hr\/wp-content\/uploads\/2020\/06\/elegant3-272x182.jpg 272w\" sizes=\"(max-width: 800px) 100vw, 800px\" alt=\"\" \t\tclass=\"so-widget-image\"\/>\n\t<\/div>\n\n<\/div><\/div><\/div><div id=\"panel-w5ef1f485e9145-0-1-1\" class=\"so-panel widget widget_black-studio-tinymce widget_black_studio_tinymce\" data-index=\"5\" ><div class=\"panel-widget-style panel-widget-style-for-w5ef1f485e9145-0-1-1\" ><div class=\"textwidget\"><div class=\"_2cuy _3dgx _2vxa\">\n<h3>50 boja i\u00a0varijanti zavr\u0161ne obrade<\/h3>\n<p>Odaberite\u00a0<strong>savr\u0161enu nijansu\u00a0<\/strong>za svoju zgradu. U\u00a0ponudi imamo vi\u0161e od 50 nijansi, uklju\u010duju\u0107i \u0161iroku ponudu modernih nijansi sive. Ambijentalna siva baza profila isti\u010de aluminijski izgled profila.<\/p>\n<p><div class=\"wt-list wt-list-style-\"><\/p>\n<ul>\n<li><i class=\"fa fa-arrow-circle-right\" style=\"color:#78ac2d\"><\/i> Siva baza profila za nagla\u0161avanje metalik izgleda<\/li>\n<li><i class=\"fa fa-arrow-circle-right\" style=\"color:#78ac2d\"><\/i> 50 standardnih boja<\/li>\n<li><i class=\"fa fa-arrow-circle-right\" style=\"color:#78ac2d\"><\/i> Specijalne trendovske boje koje odgovaraju suvremenom dizajnu<\/li>\n<\/ul>\n<p><\/div><\/p><\/div>\n<\/div><\/div><\/div><div id=\"panel-w5ef1f485e9145-0-1-2\" class=\"so-panel widget widget_sow-image\" data-index=\"6\" ><div class=\"panel-widget-style panel-widget-style-for-w5ef1f485e9145-0-1-2\" ><div\n\t\t\t\n\t\t\tclass=\"so-widget-sow-image so-widget-sow-image-default-e4c2d9f6c920\"\n\t\t\t\n\t\t>\n<div class=\"sow-image-container\">\n\t\t<img \n\tsrc=\"https:\/\/door-al.hr\/wp-content\/uploads\/2020\/06\/elegant5.jpg\" width=\"800\" height=\"536\" srcset=\"https:\/\/door-al.hr\/wp-content\/uploads\/2020\/06\/elegant5.jpg 800w, https:\/\/door-al.hr\/wp-content\/uploads\/2020\/06\/elegant5-300x201.jpg 300w, https:\/\/door-al.hr\/wp-content\/uploads\/2020\/06\/elegant5-768x515.jpg 768w, https:\/\/door-al.hr\/wp-content\/uploads\/2020\/06\/elegant5-272x182.jpg 272w\" sizes=\"(max-width: 800px) 100vw, 800px\" alt=\"\" \t\tclass=\"so-widget-image\"\/>\n\t<\/div>\n\n<\/div><\/div><\/div><div id=\"panel-w5ef1f485e9145-0-1-3\" class=\"so-panel widget widget_black-studio-tinymce widget_black_studio_tinymce panel-last-child\" data-index=\"7\" ><div class=\"panel-widget-style panel-widget-style-for-w5ef1f485e9145-0-1-3\" ><div class=\"textwidget\"><div class=\"_2cuy _3dgx _2vxa\">\n<h3>Nova tehnologija ThermoFibra<\/h3>\n<p>ThermoFibra \u010dini prozorsko krilo ja\u010dim zbog ugra\u0111enih neprekinutih staklenih vlakana koja prozoru podaruju izuzetnu stabilnosti i\u00a0maksimalne vrijednosti toplinske izolacije.<\/p>\n<p><div class=\"wt-list wt-list-style-\"><\/p>\n<ul>\n<li><i class=\"fa fa-arrow-circle-right\" style=\"color:#78ac2d\"><\/i> Nisu potrebna \u010deli\u010dna oja\u010danja<\/li>\n<li><i class=\"fa fa-arrow-circle-right\" style=\"color:#78ac2d\"><\/i> Pobolj\u0161ane vrijednosti toplinske izolacije<\/li>\n<li><i class=\"fa fa-arrow-circle-right\" style=\"color:#78ac2d\"><\/i> Iste dimenzije prozora u\u00a0bijeloj boji i\u00a0dekorima<\/li>\n<li><i class=\"fa fa-arrow-circle-right\" style=\"color:#78ac2d\"><\/i> Prozori ve\u0107ih dimenzija imaju znatno manju te\u017einu u\u00a0usporedbi s\u00a0prozorima s\u00a0\u010deli\u010dnim oja\u010danjem<\/li>\n<li><i class=\"fa fa-arrow-circle-right\" style=\"color:#78ac2d\"><\/i> Poja\u010dana protuprovalna za\u0161tita<\/li>\n<li><i class=\"fa fa-arrow-circle-right\" style=\"color:#78ac2d\"><\/i> Materijal se mo\u017ee u\u00a0potpunosti reciklirati<\/li>\n<li><i class=\"fa fa-arrow-circle-right\" style=\"color:#78ac2d\"><\/i> Ukupna visina okvira i\u00a0krila smanjena je sa 112\u00a0mm na 109\u00a0mm<\/li>\n<\/ul>\n<p><\/div><\/p><\/div>\n<\/div><\/div><\/div><\/div><\/div><\/div><\/div><\/div><\/div><\/div><\/div><div id=\"pg-1499-3\"  class=\"panel-grid panel-has-style\" ><div id=\"contact\" class=\"panel-row-style panel-row-style-for-1499-3\" ><div id=\"pgc-1499-3-0\"  class=\"panel-grid-cell\" ><div id=\"panel-1499-3-0-0\" class=\"so-panel widget widget_quota quota panel-first-child panel-last-child\" data-index=\"4\" ><div class=\"textwidget\"><div class=\"title-container text-center\" style=\"margin-bottom: 30px;\">\n\t\t\t<div class=\"title-wrap\" style=\"color: #262626;\">\t\t\t\t\n\t\t\t\t<h3 class=\"title\" style=\"color: #262626; font-size: 30px\">Kontaktirajte nas<\/h3><p class=\"description\" style=\"color: #262626;\">Javite nam se i slo\u017eit \u0107emo najbolju ponudu za vas.<\/p><span class=\"separator line-separator\"><span class=\"separator-bottom\"><\/span><\/span>\t\t\t\n\t\t\t<\/div><\/div>\n<\/div><\/div><\/div><\/div><\/div><div id=\"pg-1499-4\"  class=\"panel-grid panel-has-style\" ><div class=\"panel-row-style panel-row-style-for-1499-4\" ><div id=\"pgc-1499-4-0\"  class=\"panel-grid-cell\" ><div id=\"panel-1499-4-0-0\" class=\"so-panel widget widget_black-studio-tinymce widget_black_studio_tinymce panel-first-child panel-last-child\" data-index=\"5\" ><div class=\"textwidget\">\n<div class=\"wpcf7 no-js\" id=\"wpcf7-f5-o1\" lang=\"en-US\" dir=\"ltr\" data-wpcf7-id=\"5\">\n<div class=\"screen-reader-response\"><p role=\"status\" aria-live=\"polite\" aria-atomic=\"true\"><\/p> <ul><\/ul><\/div>\n<form action=\"\/index.php\/wp-json\/wp\/v2\/pages\/1499#wpcf7-f5-o1\" method=\"post\" class=\"wpcf7-form init\" aria-label=\"Contact form\" novalidate=\"novalidate\" data-status=\"init\">\n<fieldset class=\"hidden-fields-container\"><input type=\"hidden\" name=\"_wpcf7\" value=\"5\" \/><input type=\"hidden\" name=\"_wpcf7_version\" value=\"6.1.5\" \/><input type=\"hidden\" name=\"_wpcf7_locale\" value=\"en_US\" \/><input type=\"hidden\" name=\"_wpcf7_unit_tag\" value=\"wpcf7-f5-o1\" \/><input type=\"hidden\" name=\"_wpcf7_container_post\" value=\"0\" \/><input type=\"hidden\" name=\"_wpcf7_posted_data_hash\" value=\"\" \/>\n<\/fieldset>\n<p><label> Your Name (required)<br \/>\n<span class=\"wpcf7-form-control-wrap\" data-name=\"your-name\"><input size=\"40\" maxlength=\"400\" class=\"wpcf7-form-control wpcf7-text wpcf7-validates-as-required\" aria-required=\"true\" aria-invalid=\"false\" value=\"\" type=\"text\" name=\"your-name\" \/><\/span> <\/label>\n<\/p>\n<p><label> Your Email (required)<br \/>\n<span class=\"wpcf7-form-control-wrap\" data-name=\"your-email\"><input size=\"40\" maxlength=\"400\" class=\"wpcf7-form-control wpcf7-email wpcf7-validates-as-required wpcf7-text wpcf7-validates-as-email\" aria-required=\"true\" aria-invalid=\"false\" value=\"\" type=\"email\" name=\"your-email\" \/><\/span> <\/label>\n<\/p>\n<p><label> Subject<br \/>\n<span class=\"wpcf7-form-control-wrap\" data-name=\"your-subject\"><input size=\"40\" maxlength=\"400\" class=\"wpcf7-form-control wpcf7-text\" aria-invalid=\"false\" value=\"\" type=\"text\" name=\"your-subject\" \/><\/span> <\/label>\n<\/p>\n<p><label> Your Message<br \/>\n<span class=\"wpcf7-form-control-wrap\" data-name=\"your-message\"><textarea cols=\"40\" rows=\"10\" maxlength=\"2000\" class=\"wpcf7-form-control wpcf7-textarea wpcf7-validates-as-required\" aria-required=\"true\" aria-invalid=\"false\" name=\"your-message\"><\/textarea><\/span> <\/label>\n<\/p>\n<p><input class=\"wpcf7-form-control wpcf7-submit has-spinner\" type=\"submit\" value=\"Send\" \/>\n<\/p><div class=\"wpcf7-response-output\" aria-hidden=\"true\"><\/div>\n<\/form>\n<\/div>\n <\/div><\/div><\/div><div id=\"pgc-1499-4-1\"  class=\"panel-grid-cell\" ><div id=\"panel-1499-4-1-0\" class=\"so-panel widget widget_quota quota panel-first-child panel-last-child\" data-index=\"6\" ><div class=\"textwidget\"><div id=\"wpgmza_map\" class=\"wpgmza_map\" data-settings='{\"id\":\"1\",\"map_title\":\"My first map\",\"map_width\":\"100\",\"map_height\":\"370\",\"map_start_lat\":\"45.801037\",\"map_start_lng\":\"16.005061\",\"map_start_location\":\"45.80103735,16.005061172879\",\"map_start_zoom\":\"17\",\"default_marker\":\"0\",\"type\":\"1\",\"alignment\":\"4\",\"directions_enabled\":\"1\",\"styling_enabled\":\"0\",\"styling_json\":\"\",\"active\":\"0\",\"kml\":\"\",\"bicycle\":\"0\",\"traffic\":\"0\",\"dbox\":\"1\",\"dbox_width\":\"100\",\"listmarkers\":\"0\",\"listmarkers_advanced\":\"0\",\"filterbycat\":\"0\",\"ugm_enabled\":\"0\",\"ugm_category_enabled\":\"0\",\"fusion\":\"\",\"map_width_type\":\"\\\\%\",\"map_height_type\":\"px\",\"mass_marker_support\":\"1\",\"ugm_access\":\"0\",\"order_markers_by\":\"1\",\"order_markers_choice\":\"2\",\"show_user_location\":\"0\",\"default_to\":\"\",\"other_settings\":{\"store_locator_enabled\":2,\"store_locator_distance\":2,\"store_locator_default_radius\":10,\"store_locator_not_found_message\":\"No results found in this location. Please try again.\",\"store_locator_bounce\":1,\"store_locator_query_string\":\"ZIP \\\/ Address:\",\"store_locator_default_address\":\"\",\"wpgmza_store_locator_restrict\":\"\",\"wpgmza_store_locator_radius_style\":\"modern\",\"map_max_zoom\":\"1\",\"transport_layer\":0,\"wpgmza_show_points_of_interest\":0,\"wpgmza_auto_night\":0}}' data-map-id='1' Data-maps-engine='open-layers' data-shortcode-attributes='{\"id\":\"1\"}' style=\"display:block; overflow:auto; width:100%; height:370px; float:left;\"><\/div><\/div><\/div><\/div><\/div><\/div><\/div>","protected":false},"excerpt":{"rendered":"<p>Nagra\u0111ivani dizajn PVC profila Minimalizam, uske, ravne linije i elegancija. Dizajn koji biste uzalud tra\u017eili u<a class=\"read-more\" href=\"https:\/\/door-al.hr\/index.php\/elegant\/\">&#8230;<\/a><\/p>\n","protected":false},"author":1,"featured_media":1877,"parent":0,"menu_order":0,"comment_status":"closed","ping_status":"closed","template":"","meta":{"om_disable_all_campaigns":false,"_monsterinsights_skip_tracking":false,"_monsterinsights_sitenote_active":false,"_monsterinsights_sitenote_note":"","_monsterinsights_sitenote_category":0,"footnotes":""},"class_list":["post-1499","page","type-page","status-publish","has-post-thumbnail","hentry"],"aioseo_notices":[],"_links":{"self":[{"href":"https:\/\/door-al.hr\/index.php\/wp-json\/wp\/v2\/pages\/1499","targetHints":{"allow":["GET"]}}],"collection":[{"href":"https:\/\/door-al.hr\/index.php\/wp-json\/wp\/v2\/pages"}],"about":[{"href":"https:\/\/door-al.hr\/index.php\/wp-json\/wp\/v2\/types\/page"}],"author":[{"embeddable":true,"href":"https:\/\/door-al.hr\/index.php\/wp-json\/wp\/v2\/users\/1"}],"replies":[{"embeddable":true,"href":"https:\/\/door-al.hr\/index.php\/wp-json\/wp\/v2\/comments?post=1499"}],"version-history":[{"count":37,"href":"https:\/\/door-al.hr\/index.php\/wp-json\/wp\/v2\/pages\/1499\/revisions"}],"predecessor-version":[{"id":1881,"href":"https:\/\/door-al.hr\/index.php\/wp-json\/wp\/v2\/pages\/1499\/revisions\/1881"}],"wp:featuredmedia":[{"embeddable":true,"href":"https:\/\/door-al.hr\/index.php\/wp-json\/wp\/v2\/media\/1877"}],"wp:attachment":[{"href":"https:\/\/door-al.hr\/index.php\/wp-json\/wp\/v2\/media?parent=1499"}],"curies":[{"name":"wp","href":"https:\/\/api.w.org\/{rel}","templated":true}]}}