{"id":1521,"date":"2020-05-06T13:00:19","date_gmt":"2020-05-06T13:00:19","guid":{"rendered":"https:\/\/stage.door-al.hr\/?page_id=1521"},"modified":"2020-05-06T13:00:19","modified_gmt":"2020-05-06T13:00:19","slug":"kazete","status":"publish","type":"page","link":"https:\/\/door-al.hr\/index.php\/kazete\/","title":{"rendered":"Kazete"},"content":{"rendered":"<div id=\"pl-1521\"  class=\"panel-layout\" ><div id=\"pg-1521-0\"  class=\"panel-grid panel-has-style\" ><div class=\"siteorigin-panels-stretch panel-row-style panel-row-style-for-1521-0\" data-stretch-type=\"full-stretched\" ><div id=\"pgc-1521-0-0\"  class=\"panel-grid-cell\" ><div id=\"panel-1521-0-0-0\" class=\"so-panel widget widget_siteorigin-panels-builder panel-first-child panel-last-child\" data-index=\"0\" ><div id=\"pl-w5eb2b4e35a590\"  class=\"panel-layout\" ><div id=\"pg-w5eb2b4e35a590-0\"  class=\"panel-grid panel-has-style\" ><div class=\"panel-row-style panel-row-style-for-w5eb2b4e35a590-0\" ><div id=\"pgc-w5eb2b4e35a590-0-0\"  class=\"panel-grid-cell\" ><div id=\"panel-w5eb2b4e35a590-0-0-0\" class=\"so-panel widget widget_sow-image panel-first-child panel-last-child\" data-index=\"0\" ><div class=\"panel-widget-style panel-widget-style-for-w5eb2b4e35a590-0-0-0\" ><div\n\t\t\t\n\t\t\tclass=\"so-widget-sow-image so-widget-sow-image-default-e4c2d9f6c920\"\n\t\t\t\n\t\t><\/div><\/div><\/div><\/div><div id=\"pgc-w5eb2b4e35a590-0-1\"  class=\"panel-grid-cell\" ><div id=\"panel-w5eb2b4e35a590-0-1-0\" class=\"so-panel widget widget_black-studio-tinymce widget_black_studio_tinymce panel-first-child panel-last-child\" data-index=\"1\" ><div class=\"panel-widget-style panel-widget-style-for-w5eb2b4e35a590-0-1-0\" ><div class=\"textwidget\"><div class=\"_2cuy _3dgx _2vxa\">\n<div class=\"_2cuy _3dgx _2vxa\">\n<p>Klizna vrata jedan su od karakteristi\u010dnih elemenata izme\u0111u sobe i ostalog prostora, uz jasan izraz va\u0161e osobnosti!<\/p>\n<p>Svojim visokotehnolo\u0161kim dizajnom, u kombinaciji s vi\u0161estrukim mogu\u0107nostima prilagodbe, kazete za na\u0161a klizna vrata \u0107e va\u0161oj ku\u0107i pru\u017eiti va\u0161 jedinstveni stil, vrativ\u0161i u prostoriju sav prostor koji ina\u010de zauzimaju krila. Pametna ideja za povrat \u017eivotnih karakteristika, u\u0161tedu prostora i funkcionalnosti, koji su u pro\u0161losti bili ograni\u010deni s naznakom za nove i postoje\u0107e zgrade.<\/p><\/div>\n<\/div>\n<\/div><\/div><\/div><\/div><\/div><\/div><\/div><\/div><\/div><\/div><\/div><div id=\"pg-1521-1\"  class=\"panel-grid panel-has-style\" ><div class=\"siteorigin-panels-stretch panel-row-style panel-row-style-for-1521-1\" id=\"team\" data-stretch-type=\"full\" data-overlay=\"237,237,237\" data-opacity=\"0.9\" ><div id=\"pgc-1521-1-0\"  class=\"panel-grid-cell\" ><div id=\"panel-1521-1-0-0\" class=\"so-panel widget widget_black-studio-tinymce widget_black_studio_tinymce panel-first-child panel-last-child\" data-index=\"1\" ><div class=\"panel-widget-style panel-widget-style-for-1521-1-0-0\" ><div class=\"textwidget\"><div class=\"wt-animate\" style=\"visibility:hidden;-webkit-animation-duration:1s;-webkit-animation-delay:0s;animation-duration:1s;animation-delay:0s;\" data-animation=\"slideInLeft\" data-duration=\"1\" data-delay=\"0\"><img decoding=\"async\" src=\"https:\/\/door-al.hr\/wp-content\/uploads\/2020\/05\/\u0161tambilj1.jpg\" alt=\"staf-counceling-left-image-new\" width=\"822\" height=\"300\" class=\"alignnone size-full wp-image-94\" \/><\/div>\n\n<\/div><\/div><\/div><\/div><div id=\"pgc-1521-1-1\"  class=\"panel-grid-cell\" ><div id=\"panel-1521-1-1-0\" class=\"so-panel widget widget_black-studio-tinymce widget_black_studio_tinymce panel-first-child panel-last-child\" data-index=\"2\" ><div class=\"panel-widget-style panel-widget-style-for-1521-1-1-0\" ><div class=\"textwidget\"><h3 class=\"wt-heading wt-heading-style-2 wt-heading-align-left\" style=\"margin-top:0px; margin-bottom:0px; font-size: 30px; text-transform: uppercase; color: #000; letter-spacing: 0px; \"><span class=\"wt-heading-inner\" style=\"margin-top:0px; margin-bottom:0px; font-size: 30px; text-transform: uppercase; color: #000; letter-spacing: 0px; \">ZATRA\u017dITE PONUDU<\/span><\/h3><div class=\"wt-spacer\" style=\"height:20px\"><\/div>\n\n<span class=\"so-premium-web-font\" color=\"#fff\" style=\"font-family: Poppins, sans-serif;\" data-web-font-module=\"google\" data-font-info=\"{&quot;font&quot;:&quot;Poppins&quot;,&quot;webfont&quot;:true,&quot;category&quot;:&quot;sans-serif&quot;,&quot;variant&quot;:&quot;regular&quot;,&quot;module&quot;:&quot;google&quot;}\">Kontaktirajte nas i s na\u0161im savjetnicima dogovorite sve \u0161to vas interesira. Na\u0161i savjetnici vas \u010dekaju.<\/span>\n\n<div class=\"wt-spacer\" style=\"height:20px\"><\/div>\n<a href=\"https:\/\/door-al.hr\/index.php\/contact-us\/\" data-hoverback=\"#a4d049\" data-currentbg=\"rgba(120,172,45, 1)\" data-currentbor=\"#78ac2d\" data-currentcolor=\"#ffffff\" data-hovercolor=\"#fff\" class=\"wt-button wt-button-style-flat\" style=\"color:#ffffff;background:rgba(120,172,45, 1);border-color:#78ac2d;border-radius:5px;-moz-border-radius:5px;-webkit-border-radius:5px\" target=\"_self\"><span style=\"padding:6px 18px;font-size:14px;line-height:24px;border-color:#78ac2d;border-radius:5px;-moz-border-radius:5px;-webkit-border-radius:5px;text-shadow:none;-moz-text-shadow:none;-webkit-text-shadow:none\">Zatra\u017ei ponudu <i class=\"fa fa-angle-double-right\" style=\"font-size:14px;color:#fff\"><\/i><\/span><\/a><\/div><\/div><\/div><\/div><\/div><\/div><\/div>","protected":false},"excerpt":{"rendered":"<p>Kontaktirajte nas i s na\u0161im savjetnicima dogovorite sve \u0161to vas interesira. Na\u0161i savjetnici vas \u010dekaju.<\/p>\n","protected":false},"author":1,"featured_media":0,"parent":0,"menu_order":0,"comment_status":"closed","ping_status":"closed","template":"","meta":{"om_disable_all_campaigns":false,"_monsterinsights_skip_tracking":false,"_monsterinsights_sitenote_active":false,"_monsterinsights_sitenote_note":"","_monsterinsights_sitenote_category":0,"footnotes":""},"class_list":["post-1521","page","type-page","status-publish","hentry"],"aioseo_notices":[],"_links":{"self":[{"href":"https:\/\/door-al.hr\/index.php\/wp-json\/wp\/v2\/pages\/1521","targetHints":{"allow":["GET"]}}],"collection":[{"href":"https:\/\/door-al.hr\/index.php\/wp-json\/wp\/v2\/pages"}],"about":[{"href":"https:\/\/door-al.hr\/index.php\/wp-json\/wp\/v2\/types\/page"}],"author":[{"embeddable":true,"href":"https:\/\/door-al.hr\/index.php\/wp-json\/wp\/v2\/users\/1"}],"replies":[{"embeddable":true,"href":"https:\/\/door-al.hr\/index.php\/wp-json\/wp\/v2\/comments?post=1521"}],"version-history":[{"count":2,"href":"https:\/\/door-al.hr\/index.php\/wp-json\/wp\/v2\/pages\/1521\/revisions"}],"predecessor-version":[{"id":1523,"href":"https:\/\/door-al.hr\/index.php\/wp-json\/wp\/v2\/pages\/1521\/revisions\/1523"}],"wp:attachment":[{"href":"https:\/\/door-al.hr\/index.php\/wp-json\/wp\/v2\/media?parent=1521"}],"curies":[{"name":"wp","href":"https:\/\/api.w.org\/{rel}","templated":true}]}}