{"id":864,"date":"2020-04-30T18:02:41","date_gmt":"2020-04-30T18:02:41","guid":{"rendered":"https:\/\/stage.door-al.hr\/?page_id=864"},"modified":"2025-09-11T11:02:15","modified_gmt":"2025-09-11T11:02:15","slug":"pvc","status":"publish","type":"page","link":"https:\/\/door-al.hr\/index.php\/pvc\/","title":{"rendered":"PVC\/ALU stolarija"},"content":{"rendered":"<div id=\"pl-864\"  class=\"panel-layout\" ><div id=\"pg-864-0\"  class=\"panel-grid panel-has-style\" ><div class=\"siteorigin-panels-stretch panel-row-style panel-row-style-for-864-0\" data-stretch-type=\"full-width-stretch\" ><div id=\"pgc-864-0-0\"  class=\"panel-grid-cell\" ><div id=\"panel-864-0-0-0\" class=\"so-panel widget widget_siteorigin-panels-builder panel-first-child panel-last-child\" data-index=\"0\" ><div id=\"pl-w60eea3dd0bcb3\"  class=\"panel-layout\" ><div id=\"pg-w60eea3dd0bcb3-0\"  class=\"panel-grid panel-has-style\" ><div class=\"panel-row-style panel-row-style-for-w60eea3dd0bcb3-0\" ><div id=\"pgc-w60eea3dd0bcb3-0-0\"  class=\"panel-grid-cell\" ><div id=\"panel-w60eea3dd0bcb3-0-0-0\" class=\"so-panel widget widget_sow-image panel-first-child panel-last-child\" data-index=\"0\" ><div class=\"panel-widget-style panel-widget-style-for-w60eea3dd0bcb3-0-0-0\" ><div\n\t\t\t\n\t\t\tclass=\"so-widget-sow-image so-widget-sow-image-default-e4c2d9f6c920\"\n\t\t\t\n\t\t>\n<div class=\"sow-image-container\">\n\t\t<img \n\tsrc=\"https:\/\/door-al.hr\/wp-content\/uploads\/2020\/06\/pvc_prozori_cover-1024x553.jpg\" width=\"900\" height=\"486\" srcset=\"https:\/\/door-al.hr\/wp-content\/uploads\/2020\/06\/pvc_prozori_cover-1024x553.jpg 1024w, https:\/\/door-al.hr\/wp-content\/uploads\/2020\/06\/pvc_prozori_cover-300x162.jpg 300w, https:\/\/door-al.hr\/wp-content\/uploads\/2020\/06\/pvc_prozori_cover-768x415.jpg 768w, https:\/\/door-al.hr\/wp-content\/uploads\/2020\/06\/pvc_prozori_cover-1536x830.jpg 1536w, https:\/\/door-al.hr\/wp-content\/uploads\/2020\/06\/pvc_prozori_cover-2048x1107.jpg 2048w\" sizes=\"(max-width: 900px) 100vw, 900px\" title=\"PVC\/ALU stolarija\" alt=\"\" \t\tclass=\"so-widget-image\"\/>\n\t<\/div>\n\n<\/div><\/div><\/div><\/div><div id=\"pgc-w60eea3dd0bcb3-0-1\"  class=\"panel-grid-cell\" ><div id=\"panel-w60eea3dd0bcb3-0-1-0\" class=\"so-panel widget widget_black-studio-tinymce widget_black_studio_tinymce panel-first-child\" data-index=\"1\" ><div class=\"panel-widget-style panel-widget-style-for-w60eea3dd0bcb3-0-1-0\" ><div class=\"textwidget\"><div class=\"_2cuy _3dgx _2vxa\">\n<h5>PVC PROZORI<\/h5>\n<p>Ovisno o Va\u0161im potrebama, \u017eeljama i ukusu, mo\u017eemo Vam ponuditi PVC stolariju provjerene kvalitete. Na\u0161u PVC stolariju odlikuju visoki koeficijenti toplinske i zvu\u010dne izolacije koja u kombinaciji s kvalitetnim okovom SIEGENIA predstavlja odli\u010dan proizvod po prihvatljivim cijenama. U na\u0161oj ponudi mo\u017eete prona\u0107i moderne izvedbe prozora, balkonskih vrata, ulaznih vrata, kliznih vrata uz prate\u0107e dodatke kao \u0161to su PVC rolete, komarnike, \u017ealuzine, rolo i trakaste zavjese, unutarnje i vanjske klup\u010dice.<\/p>\n<p>U mogu\u0107nosti smo Vam ponuditi dva osnovna sistema: \u0161estokomorni u kombinaciji s dvoslojnim ili troslojnim termoizolacijskim staklima. Tako\u0111er, PVC stolarija dostupna je u vi\u0161e boje: bijela, antracit, zlatni hrast, tamni hrast...<\/p><\/div>\n<\/div><\/div><\/div><div id=\"panel-w60eea3dd0bcb3-0-1-1\" class=\"so-panel widget widget_quota quota panel-last-child\" data-index=\"2\" ><div class=\"textwidget\"><div class=\"wt-accordion\">\n\n<div class=\"wt-spoiler wt-spoiler-style-default wt-spoiler-icon-plus wt-spoiler-closed\"><div class=\"wt-spoiler-title\"><span class=\"wt-spoiler-icon\"><\/span>Elegant<\/div><div class=\"wt-spoiler-content wt-clearfix\" style=\"display:none\">Izra\u0111en od ekolo\u0161kog materijala EcoPowerCore koji se mo\u017ee reciklirati, prozorski sustav profila Elegant odlikuje se izvrsnim karakteristikama te predstavlja ekolo\u0161ki prihvatljivu alternativu alumi-nijskim prozorima koja nudi vrhunsku toplinsku izolaciju: Uf do 0,93 W\/m\u00b2K. S dubinom ugradnje od tek 76 mm sustav je dorastao svim zahtjevima, kako kod novogradnje tako i kod renoviranja. Tako Elegant iznova definira budu\u0107nost prozora. Izvana sjaj, ali s nezadovoljavaju\u0107im unutra\u0161njim vrijednostima? <div class=\"wt-spacer\" style=\"height:10px\"><\/div>To nikako nije slu\u010daj kod prozora Elegant. Ovdje se iza elegantnog izgleda krije nadmo\u0107na tehnika. Funkcionalnost koja o\u010darava svakom pogledu - bilo da je rije\u010d o toplinskoj za\u0161titi ili za\u0161titi od buke, odr\u017eivosti, nepostojanju prepreka ili sigurnosti. Elegant impresionira svojim tehni\u010dkim karakteristikama u svakom smislu. \n<div class=\"wt-spacer\" style=\"height:20px\"><\/div>\n<a href=\"https:\/\/door-al.hr\/index.php\/elegant\/\" data-hoverback=\"#a4d049\" data-currentbg=\"rgba(120,172,45, 1)\" data-currentbor=\"#78ac2d\" data-currentcolor=\"#ffffff\" data-hovercolor=\"#fff\" class=\"wt-button wt-button-style-flat\" style=\"color:#ffffff;background:rgba(120,172,45, 1);border-color:#78ac2d;border-radius:5px;-moz-border-radius:5px;-webkit-border-radius:5px\" target=\"_self\"><span style=\"padding:5px 14px;font-size:12px;line-height:20px;border-color:#78ac2d;border-radius:5px;-moz-border-radius:5px;-webkit-border-radius:5px;text-shadow:none;-moz-text-shadow:none;-webkit-text-shadow:none\">Pro\u010ditaj vi\u0161e <i class=\"fa fa-angle-double-right\" style=\"font-size:12px;color:#fff\"><\/i><\/span><\/a>\n <\/div><\/div>\n\n<div class=\"wt-spoiler wt-spoiler-style-default wt-spoiler-icon-plus wt-spoiler-closed\"><div class=\"wt-spoiler-title\"><span class=\"wt-spoiler-icon\"><\/span>Eforte<\/div><div class=\"wt-spoiler-content wt-clearfix\" style=\"display:none\">Sustav prozorskih profila Eforte renomiranog njema\u010dkog proizvo\u0111a\u010da Inoutic\/Deceuninck karakterzira \u0161est komora i \u0161irina od 84 mm. Zahvalju\u0107i trostrukom (unutarnji - srednji - vanjski) dihtungu uz ovaj profil posti\u017ee se odli\u010dna zvu\u010dna izolacija i za\u0161tita od pra\u0161ine, vode i zraka \u010dime se omogu\u0107uje u\u0161teda energije i udobost. Koeficijenti toplinske izolacije kod ovog sistema su: uf 0,95W\/m2K; otpornost zrak\/vjetar\/voda 4\/B4\/9A; vrijednost zvu\u010dne izolacije do 47 db (razred 5). <\/div><\/div>\n\n<div class=\"wt-spoiler wt-spoiler-style-default wt-spoiler-icon-plus wt-spoiler-closed\"><div class=\"wt-spoiler-title\"><span class=\"wt-spoiler-icon\"><\/span>Izolacijsko staklo<\/div><div class=\"wt-spoiler-content wt-clearfix\" style=\"display:none\">Standardno staklo koje nudimo uz na\u0161e prozorske sisteme je termo-izolacijsko LOW-e staklo punjeno plinom Argonom. Uz ova stakla se posti\u017ee koeficijent toplinske izolacije 0,93 W\/m2K za razliku od obi\u010dnih izo stakala \u010diji je koeficijent propustljivosti 2,9 W\/m2K. Na\u0161im kupcima u mogu\u0107nosti smo ponuditi i drugu vrstu stakla. <\/div><\/div><\/div><\/div><\/div><\/div><\/div><\/div><\/div><\/div><\/div><\/div><\/div><div id=\"pg-864-1\"  class=\"panel-grid panel-has-style\" ><div class=\"siteorigin-panels-stretch panel-row-style panel-row-style-for-864-1\" data-stretch-type=\"full-width-stretch\" ><div id=\"pgc-864-1-0\"  class=\"panel-grid-cell\" ><div id=\"panel-864-1-0-0\" class=\"so-panel widget widget_siteorigin-panels-builder panel-first-child panel-last-child\" data-index=\"1\" ><div id=\"pl-w5ef1dd1175056\"  class=\"panel-layout\" ><div id=\"pg-w5ef1dd1175056-0\"  class=\"panel-grid panel-has-style\" ><div class=\"panel-row-style panel-row-style-for-w5ef1dd1175056-0\" ><div id=\"pgc-w5ef1dd1175056-0-0\"  class=\"panel-grid-cell\" ><div id=\"panel-w5ef1dd1175056-0-0-0\" class=\"so-panel widget widget_black-studio-tinymce widget_black_studio_tinymce panel-first-child panel-last-child\" data-index=\"0\" ><div class=\"panel-widget-style panel-widget-style-for-w5ef1dd1175056-0-0-0\" ><div class=\"textwidget\"><div class=\"_2cuy _3dgx _2vxa\">\n<h5>PVC VRATA<\/h5>\n<p>Mnogobrojne su prednosti PVC ulaznih vrata: dugi vijek trajanja, izdr\u017eljivost, sigurnost koju pru\u017eaju. No, osim toga ona su i prvi dojam na\u0161eg prostora bilo poslovnog ili \u017eivotnog. Na\u0161a vrata ispunjavaju i sve druge zahtjeve u smislu toplinske izolacije i stabilnosti s jakim \u010deli\u010dnim umetcima.<\/p>\n<p>U na\u0161oj ponudi mo\u017eete prona\u0107i velik izbor dekorativnih panela kao i mogu\u0107nost kombinacije odabranog stakla i panela u tri osnovna dekora: zlatni hrast, tamni hrast i bijela.<\/p>\n<p>&nbsp;<\/p>\n<p><strong>Karakteristike na\u0161ih ulaznih vrata:<\/strong><\/p>\n<p><div class=\"wt-list wt-list-style-\"><\/p>\n<ul>\n<li><i class=\"fa fa-arrow-circle-right\" style=\"color:#78ac2d\"><\/i> Odli\u010dna toplinska i zvu\u010dna izolacija<\/li>\n<li><i class=\"fa fa-arrow-circle-right\" style=\"color:#78ac2d\"><\/i> Multifunkcionalna brava<\/li>\n<li><i class=\"fa fa-arrow-circle-right\" style=\"color:#78ac2d\"><\/i> Jednostavnost odr\u017eavanja<\/li>\n<li><i class=\"fa fa-arrow-circle-right\" style=\"color:#78ac2d\"><\/i> Brzi rok isporuke<\/li>\n<li><i class=\"fa fa-arrow-circle-right\" style=\"color:#78ac2d\"><\/i> Garancija<\/li>\n<li><i class=\"fa fa-arrow-circle-right\" style=\"color:#78ac2d\"><\/i> Prihvatljive cijene<\/li>\n<\/ul>\n<p><\/div><\/p><\/div>\n<\/div><\/div><\/div><\/div><div id=\"pgc-w5ef1dd1175056-0-1\"  class=\"panel-grid-cell\" ><div id=\"panel-w5ef1dd1175056-0-1-0\" class=\"so-panel widget widget_sow-image panel-first-child panel-last-child\" data-index=\"1\" ><div class=\"panel-widget-style panel-widget-style-for-w5ef1dd1175056-0-1-0\" ><div\n\t\t\t\n\t\t\tclass=\"so-widget-sow-image so-widget-sow-image-default-e4c2d9f6c920\"\n\t\t\t\n\t\t>\n<div class=\"sow-image-container\">\n\t\t<img \n\tsrc=\"https:\/\/door-al.hr\/wp-content\/uploads\/2020\/06\/slider-1024x553.jpg\" width=\"900\" height=\"486\" srcset=\"https:\/\/door-al.hr\/wp-content\/uploads\/2020\/06\/slider-1024x553.jpg 1024w, https:\/\/door-al.hr\/wp-content\/uploads\/2020\/06\/slider-300x162.jpg 300w, https:\/\/door-al.hr\/wp-content\/uploads\/2020\/06\/slider-768x415.jpg 768w, https:\/\/door-al.hr\/wp-content\/uploads\/2020\/06\/slider-1536x830.jpg 1536w, https:\/\/door-al.hr\/wp-content\/uploads\/2020\/06\/slider-2048x1107.jpg 2048w\" sizes=\"(max-width: 900px) 100vw, 900px\" title=\"PVC vrata\" alt=\"\" \t\tclass=\"so-widget-image\"\/>\n\t<\/div>\n\n<\/div><\/div><\/div><\/div><\/div><\/div><\/div><\/div><\/div><\/div><\/div><div id=\"pg-864-2\"  class=\"panel-grid panel-has-style\" ><div class=\"siteorigin-panels-stretch panel-row-style panel-row-style-for-864-2\" data-stretch-type=\"full-width-stretch\" ><div id=\"pgc-864-2-0\"  class=\"panel-grid-cell\" ><div id=\"panel-864-2-0-0\" class=\"so-panel widget widget_siteorigin-panels-builder panel-first-child panel-last-child\" data-index=\"2\" ><div id=\"pl-w68c2ac37a325e\"  class=\"panel-layout\" ><div id=\"pg-w68c2ac37a325e-0\"  class=\"panel-grid panel-has-style\" ><div class=\"panel-row-style panel-row-style-for-w68c2ac37a325e-0\" ><div id=\"pgc-w68c2ac37a325e-0-0\"  class=\"panel-grid-cell\" ><div id=\"panel-w68c2ac37a325e-0-0-0\" class=\"so-panel widget widget_black-studio-tinymce widget_black_studio_tinymce panel-first-child panel-last-child\" data-index=\"0\" ><div class=\"panel-widget-style panel-widget-style-for-w68c2ac37a325e-0-0-0\" ><div class=\"textwidget\"><div class=\"_2cuy _3dgx _2vxa\">\n<h5>ALU PROZORI I VRATA<\/h5>\n<p>Emerus je razvio vlastite gra\u0111evinske sisteme aluminijskih prozora i vrata za razli\u010dite potrebe i namjene. Aluminij kao materijal poznat je po svojoj \u010dvrsto\u0107i, lako\u0107i i otpornosti na koroziju, \u0161to \u010dini aluminijske prozore i vrata dugotrajnima i pogodnima za razli\u010dite vremenske uvjete.<\/p>\n<p>Aluminijska vrata i prozori nude elegantan dizajn koji se lako prilago\u0111ava razli\u010ditim arhitektonskim stilovima. Istovremeno, njihova funkcionalnost omogu\u0107ava visoku razinu sigurnosti, zvu\u010dne izolacije i otpornosti na vremenske nepogode.<\/p>\n<p>Sistemi s prekinutim termi\u010dkim mostom spre\u010davaju izravnu provodljivost topline izme\u0111u unutarnje i vanjske strane profila. To rezultira smanjenjem gubitaka topline kroz staklo i okvir, \u010dime se pobolj\u0161ava energetska u\u010dinkovitost prostora.<\/p><\/div>\n<p><em><strong>PE85tt<\/strong><\/em>\u00a0je sistem za prozore i vrata sa prekinutim termi\u010dkim mostom. Namjenjen za izradu prozora, vrata i fiksnih stijena. Osnovna ugradbena dubina okvira je 77 mm i 85 mm. Termi\u010dki prekid je ostvaren poliamidima oja\u010danim staklenim vlaknima, \u0161irine 31.6 mm.<\/p>\n<p>Brtvljenje je izvedeno koekstrudiranim EPDM brtvama, koje imaju znatno bolja termi\u010dka svojstva u odnosu na standardne EPDM brtve.<\/p>\n<p>U komore profila izme\u0111u poliamidnih traka se mo\u017ee ugra\u0111ivati XPS ispuna radi boljih termi\u010dkih i akusti\u010dnih karakteristika profila.<\/p>\n<p>Mogu\u0107i tipovi otvaranja prozora: otklopno, zaokretno, otklopno-zaokretno. Mogu\u0107i tipovi otvaranja vrata: otvaranje prema unutra i vani. Sistem je kompatibilan sa fasadnim sistemima E50K\/E50S.<\/p>\n<p>Mogu\u0107nost odabira profila sa \u017elijebom 16\/13.<\/p>\n<div class=\"_2cuy _3dgx _2vxa\">\n<p><strong>Karakteristike na\u0161ih ulaznih vrata:<\/strong><\/p>\n<p><div class=\"wt-list wt-list-style-\"><\/p>\n<ul>\n<li><i class=\"fa fa-arrow-circle-right\" style=\"color:#78ac2d\"><\/i> <em><strong>Dubina okvira:\u00a0<\/strong>77<\/em> mm<\/li>\n<li><i class=\"fa fa-arrow-circle-right\" style=\"color:#78ac2d\"><\/i> <em><strong>Dubina krila:\u00a0<\/strong><\/em>85 mm<\/li>\n<li><i class=\"fa fa-arrow-circle-right\" style=\"color:#78ac2d\"><\/i> <em><strong>Mjera preklopa:<\/strong><\/em> 8 mm<\/li>\n<li><i class=\"fa fa-arrow-circle-right\" style=\"color:#78ac2d\"><\/i> <em><strong>\u0160irina ispune<\/strong><\/em>: 30-63 mm<\/li>\n<li><i class=\"fa fa-arrow-circle-right\" style=\"color:#78ac2d\"><\/i> <em><strong>Poliamidi:<\/strong><\/em>\u00a031,6 mm<\/li>\n<\/ul>\n<p><\/div><\/p><\/div>\n<\/div><\/div><\/div><\/div><div id=\"pgc-w68c2ac37a325e-0-1\"  class=\"panel-grid-cell\" ><div id=\"panel-w68c2ac37a325e-0-1-0\" class=\"so-panel widget widget_sow-image panel-first-child panel-last-child\" data-index=\"1\" ><div class=\"panel-widget-style panel-widget-style-for-w68c2ac37a325e-0-1-0\" ><div\n\t\t\t\n\t\t\tclass=\"so-widget-sow-image so-widget-sow-image-default-e4c2d9f6c920\"\n\t\t\t\n\t\t>\n<div class=\"sow-image-container\">\n\t\t<img \n\tsrc=\"https:\/\/door-al.hr\/wp-content\/uploads\/2025\/09\/EMERUS-1024x851.jpg\" width=\"900\" height=\"748\" srcset=\"https:\/\/door-al.hr\/wp-content\/uploads\/2025\/09\/EMERUS-1024x851.jpg 1024w, https:\/\/door-al.hr\/wp-content\/uploads\/2025\/09\/EMERUS-300x249.jpg 300w, https:\/\/door-al.hr\/wp-content\/uploads\/2025\/09\/EMERUS-768x638.jpg 768w, https:\/\/door-al.hr\/wp-content\/uploads\/2025\/09\/EMERUS.jpg 1300w\" sizes=\"(max-width: 900px) 100vw, 900px\" alt=\"\" \t\tclass=\"so-widget-image\"\/>\n\t<\/div>\n\n<\/div><\/div><\/div><\/div><\/div><\/div><\/div><\/div><\/div><\/div><\/div><div id=\"pg-864-3\"  class=\"panel-grid panel-has-style\" ><div class=\"siteorigin-panels-stretch panel-row-style panel-row-style-for-864-3\" data-stretch-type=\"full-width-stretch\" ><div id=\"pgc-864-3-0\"  class=\"panel-grid-cell\" ><div id=\"panel-864-3-0-0\" class=\"so-panel widget widget_quota quota panel-first-child panel-last-child\" data-index=\"3\" ><div class=\"textwidget\"><div class=\"title-container text-center\" style=\"margin-bottom: 30px;\">\n\t\t\t<div class=\"title-wrap\" style=\"color: #262626;\">\t\t\t\t\n\t\t\t\t<h3 class=\"title\" style=\"color: #262626; font-size: 30px\">PRIMJERI UGRADNJE<\/h3><span class=\"separator line-separator\"><span class=\"separator-bottom\"><\/span><\/span>\t\t\t\n\t\t\t<\/div><\/div>\n\n<div class=\"owl-carousel dots-inline\" \n\t\t\t\t\t\tdata-animatein=\"\" \n\t\t\t\t\t\tdata-animateout=\"\" \n\t\t\t\t\t\tdata-items=\"6\" \n\t\t\t\t\t\tdata-loop=\"true\" \n\t\t\t\t\t\tdata-merge=\"true\" \n\t\t\t\t\t\tdata-nav=\"true\" \n\t\t\t\t\t\tdata-dots=\"true\" \n\t\t\t\t\t\tdata-stagepadding=\"\"\n\t\t\t\t\t\tdata-margin=\"0\"\n\t\t\t\t\t\tdata-mobile=\"1\" \n\t\t\t\t\t\tdata-tablet=\"1\" \n\t\t\t\t\t\tdata-desktopsmall=\"2\"  \n\t\t\t\t\t\tdata-desktop=\"6\" \n\t\t\t\t\t\tdata-autoplay=\"false\" \n\t\t\t\t\t\tdata-delay=\"3000\" \n\t\t\t\t\t\tdata-navigation=\"true\"><div class=\"item\"><img decoding=\"async\" src=\"https:\/\/door-al.hr\/wp-content\/uploads\/2020\/05\/IMG-20200501-WA0010.jpg\" alt=\"\" \/><\/div><div class=\"item\"><img decoding=\"async\" src=\"https:\/\/door-al.hr\/wp-content\/uploads\/2020\/05\/IMG-20200501-WA0012.jpg\" alt=\"\" \/><\/div><div class=\"item\"><img decoding=\"async\" src=\"https:\/\/door-al.hr\/wp-content\/uploads\/2020\/05\/IMG-20200501-WA0015.jpg\" alt=\"\" \/><\/div><div class=\"item\"><img decoding=\"async\" src=\"https:\/\/door-al.hr\/wp-content\/uploads\/2020\/05\/IMG-20200501-WA0018.jpg\" alt=\"\" \/><\/div><div class=\"item\"><img decoding=\"async\" src=\"https:\/\/door-al.hr\/wp-content\/uploads\/2020\/05\/IMG-20200501-WA0020.jpg\" alt=\"\" \/><\/div><div class=\"item\"><img decoding=\"async\" src=\"https:\/\/door-al.hr\/wp-content\/uploads\/2020\/05\/IMG-20200501-WA0021.jpg\" alt=\"\" \/><\/div><div class=\"item\"><img decoding=\"async\" src=\"https:\/\/door-al.hr\/wp-content\/uploads\/2020\/05\/IMG-20200501-WA0023.jpg\" alt=\"\" \/><\/div><div class=\"item\"><img decoding=\"async\" src=\"https:\/\/door-al.hr\/wp-content\/uploads\/2020\/05\/IMG-20200501-WA0024.jpg\" alt=\"\" \/><\/div><div class=\"item\"><img decoding=\"async\" src=\"https:\/\/door-al.hr\/wp-content\/uploads\/2020\/05\/IMG-20200501-WA0026.jpg\" alt=\"\" \/><\/div><div class=\"item\"><img decoding=\"async\" src=\"https:\/\/door-al.hr\/wp-content\/uploads\/2020\/05\/IMG-20200501-WA0027.jpg\" alt=\"\" \/><\/div><div class=\"item\"><img decoding=\"async\" src=\"https:\/\/door-al.hr\/wp-content\/uploads\/2020\/05\/IMG-20200501-WA0028.jpg\" alt=\"\" \/><\/div><div class=\"item\"><img decoding=\"async\" src=\"https:\/\/door-al.hr\/wp-content\/uploads\/2020\/05\/IMG-20200501-WA0029.jpg\" alt=\"\" \/><\/div><div class=\"item\"><img decoding=\"async\" src=\"https:\/\/door-al.hr\/wp-content\/uploads\/2020\/05\/IMG-20200501-WA0036.jpg\" alt=\"\" \/><\/div><div class=\"item\"><img decoding=\"async\" src=\"https:\/\/door-al.hr\/wp-content\/uploads\/2020\/05\/IMG-20200501-WA0048.jpg\" alt=\"\" \/><\/div><div class=\"item\"><img decoding=\"async\" src=\"https:\/\/door-al.hr\/wp-content\/uploads\/2020\/05\/IMG-20200501-WA0052.jpg\" alt=\"\" \/><\/div><div class=\"item\"><img decoding=\"async\" src=\"https:\/\/door-al.hr\/wp-content\/uploads\/2020\/05\/IMG-20200501-WA0057.jpg\" alt=\"\" \/><\/div><div class=\"item\"><img decoding=\"async\" src=\"https:\/\/door-al.hr\/wp-content\/uploads\/2020\/05\/IMG-20200501-WA0058.jpg\" alt=\"\" \/><\/div><div class=\"item\"><img decoding=\"async\" src=\"https:\/\/door-al.hr\/wp-content\/uploads\/2020\/05\/IMG-20200501-WA0062.jpg\" alt=\"\" \/><\/div><div class=\"item\"><img decoding=\"async\" src=\"https:\/\/door-al.hr\/wp-content\/uploads\/2020\/05\/IMG-20200501-WA0064.jpg\" alt=\"\" \/><\/div><div class=\"item\"><img decoding=\"async\" src=\"https:\/\/door-al.hr\/wp-content\/uploads\/2020\/05\/IMG-20200501-WA0069.jpg\" alt=\"\" \/><\/div><div class=\"item\"><img decoding=\"async\" src=\"https:\/\/door-al.hr\/wp-content\/uploads\/2020\/05\/IMG-20200501-WA0097.jpg\" alt=\"\" \/><\/div><\/div><\/div><\/div><\/div><\/div><\/div><\/div>","protected":false},"excerpt":{"rendered":"<p>PVC PROZORI Ovisno o Va\u0161im potrebama, \u017eeljama i ukusu, mo\u017eemo Vam ponuditi PVC stolariju provjerene kvalitete.<a class=\"read-more\" href=\"https:\/\/door-al.hr\/index.php\/pvc\/\">&#8230;<\/a><\/p>\n","protected":false},"author":1,"featured_media":1829,"parent":0,"menu_order":0,"comment_status":"closed","ping_status":"closed","template":"","meta":{"om_disable_all_campaigns":false,"_monsterinsights_skip_tracking":false,"_monsterinsights_sitenote_active":false,"_monsterinsights_sitenote_note":"","_monsterinsights_sitenote_category":0,"footnotes":""},"class_list":["post-864","page","type-page","status-publish","has-post-thumbnail","hentry"],"aioseo_notices":[],"_links":{"self":[{"href":"https:\/\/door-al.hr\/index.php\/wp-json\/wp\/v2\/pages\/864","targetHints":{"allow":["GET"]}}],"collection":[{"href":"https:\/\/door-al.hr\/index.php\/wp-json\/wp\/v2\/pages"}],"about":[{"href":"https:\/\/door-al.hr\/index.php\/wp-json\/wp\/v2\/types\/page"}],"author":[{"embeddable":true,"href":"https:\/\/door-al.hr\/index.php\/wp-json\/wp\/v2\/users\/1"}],"replies":[{"embeddable":true,"href":"https:\/\/door-al.hr\/index.php\/wp-json\/wp\/v2\/comments?post=864"}],"version-history":[{"count":113,"href":"https:\/\/door-al.hr\/index.php\/wp-json\/wp\/v2\/pages\/864\/revisions"}],"predecessor-version":[{"id":4191,"href":"https:\/\/door-al.hr\/index.php\/wp-json\/wp\/v2\/pages\/864\/revisions\/4191"}],"wp:featuredmedia":[{"embeddable":true,"href":"https:\/\/door-al.hr\/index.php\/wp-json\/wp\/v2\/media\/1829"}],"wp:attachment":[{"href":"https:\/\/door-al.hr\/index.php\/wp-json\/wp\/v2\/media?parent=864"}],"curies":[{"name":"wp","href":"https:\/\/api.w.org\/{rel}","templated":true}]}}